{"id":34,"date":"2020-01-19T00:29:10","date_gmt":"2020-01-19T00:29:10","guid":{"rendered":"http:\/\/jarekwasielewski.pl\/dawnazabianka\/?page_id=34"},"modified":"2026-02-15T20:30:01","modified_gmt":"2026-02-15T19:30:01","slug":"o-autorze","status":"publish","type":"page","link":"https:\/\/jarekwasielewski.pl\/dawnazabianka\/o-autorze\/","title":{"rendered":"O autorze"},"content":{"rendered":"<figure id=\"attachment_1435\" aria-describedby=\"caption-attachment-1435\" style=\"width: 215px\" class=\"wp-caption alignleft\"><img loading=\"lazy\" decoding=\"async\" class=\"wp-image-1435 size-medium\" src=\"https:\/\/jarekwasielewski.pl\/dawnazabianka\/wp-content\/uploads\/2026\/02\/jw2025-e1771183758965-215x300.jpg\" alt=\"Jarek Wasielewski (fot. Peter Huppertz)\" width=\"215\" height=\"300\" srcset=\"https:\/\/jarekwasielewski.pl\/dawnazabianka\/wp-content\/uploads\/2026\/02\/jw2025-e1771183758965-215x300.jpg 215w, https:\/\/jarekwasielewski.pl\/dawnazabianka\/wp-content\/uploads\/2026\/02\/jw2025-e1771183758965.jpg 611w\" sizes=\"auto, (max-width: 215px) 100vw, 215px\" \/><figcaption id=\"caption-attachment-1435\" class=\"wp-caption-text\">(fot. Peter Huppertz)<\/figcaption><\/figure>\n<p style=\"text-align: justify;\">Nazywam si\u0119 <b>Jaros\u0142aw Wasielewski<\/b> i od wielu lat zajmuj\u0119 si\u0119 badaniem i popularyzacj\u0105 przesz\u0142o\u015bci Gda\u0144ska (g\u0142\u00f3wnie <a href=\"http:\/\/jarekwasielewski.pl\/zwrzeszcza\">Wrzeszcza<\/a>). Mam na koncie kilka ksi\u0105\u017cek, publikuj\u0119 w czasopi\u015bmie <i><a href=\"http:\/\/czasopismo30dni.com\" target=\"_blank\" rel=\"noopener noreferrer\">30 dni<\/a><\/i> oraz na portalu <a href=\"https:\/\/www.trojmiasto.pl\/wiadomosci\/a,Jaroslaw-Wasielewski-643982.html\" target=\"_blank\" rel=\"noopener noreferrer\">Tr\u00f3jmiasto.pl<\/a>. <a href=\"http:\/\/jarekwasielewski.pl\/zwrzeszcza\/o-mnie\/\">Tutaj<\/a> dowiesz si\u0119 wi\u0119cej na ten temat.<\/p>\n<p style=\"text-align: justify;\">W 2016 roku wprowadzi\u0142em si\u0119 na \u017babiank\u0119 i w ko\u0144cu zaj\u0105\u0142em si\u0119 tak\u017ce jej przesz\u0142o\u015bci\u0105.<\/p>\n<p style=\"text-align: justify;\">Chcesz do mnie napisa\u0107? M\u00f3j adres: <em>zabianka(ma\u0142pa)jarekwasielewski.pl<\/em><\/p>\n<p>&nbsp;<\/p>\n<p>&nbsp;<\/p>\n<div class=\"notranslate\" style=\"all: initial;\"><\/div>\n","protected":false},"excerpt":{"rendered":"<p>Nazywam si\u0119 Jaros\u0142aw Wasielewski i od wielu lat zajmuj\u0119 si\u0119 badaniem i popularyzacj\u0105 przesz\u0142o\u015bci Gda\u0144ska (g\u0142\u00f3wnie Wrzeszcza). Mam na koncie [&hellip;]<\/p>\n","protected":false},"author":1,"featured_media":0,"parent":0,"menu_order":0,"comment_status":"closed","ping_status":"closed","template":"","meta":{"footnotes":""},"class_list":["post-34","page","type-page","status-publish","hentry"],"yoast_head":"<!-- This site is optimized with the Yoast SEO plugin v27.3 - https:\/\/yoast.com\/product\/yoast-seo-wordpress\/ -->\n<title>O autorze - Dawna \u017babianka<\/title>\n<meta name=\"robots\" content=\"index, follow, max-snippet:-1, max-image-preview:large, max-video-preview:-1\" \/>\n<link rel=\"canonical\" href=\"https:\/\/jarekwasielewski.pl\/dawnazabianka\/o-autorze\/\" \/>\n<meta property=\"og:locale\" content=\"pl_PL\" \/>\n<meta property=\"og:type\" content=\"article\" \/>\n<meta property=\"og:title\" content=\"O autorze - Dawna \u017babianka\" \/>\n<meta property=\"og:description\" content=\"Nazywam si\u0119 Jaros\u0142aw Wasielewski i od wielu lat zajmuj\u0119 si\u0119 badaniem i popularyzacj\u0105 przesz\u0142o\u015bci Gda\u0144ska (g\u0142\u00f3wnie Wrzeszcza). Mam na koncie [&hellip;]\" \/>\n<meta property=\"og:url\" content=\"https:\/\/jarekwasielewski.pl\/dawnazabianka\/o-autorze\/\" \/>\n<meta property=\"og:site_name\" content=\"Dawna \u017babianka\" \/>\n<meta property=\"article:publisher\" content=\"https:\/\/www.facebook.com\/dawnazabianka\" \/>\n<meta property=\"article:modified_time\" content=\"2026-02-15T19:30:01+00:00\" \/>\n<meta property=\"og:image\" content=\"https:\/\/jarekwasielewski.pl\/dawnazabianka\/wp-content\/uploads\/2026\/02\/jw2025-e1771183758965.jpg\" \/>\n\t<meta property=\"og:image:width\" content=\"611\" \/>\n\t<meta property=\"og:image:height\" content=\"853\" \/>\n\t<meta property=\"og:image:type\" content=\"image\/jpeg\" \/>\n<meta name=\"twitter:card\" content=\"summary_large_image\" \/>\n<meta name=\"twitter:label1\" content=\"Szacowany czas czytania\" \/>\n\t<meta name=\"twitter:data1\" content=\"1 minuta\" \/>\n<script type=\"application\/ld+json\" class=\"yoast-schema-graph\">{\"@context\":\"https:\\\/\\\/schema.org\",\"@graph\":[{\"@type\":\"WebPage\",\"@id\":\"https:\\\/\\\/jarekwasielewski.pl\\\/dawnazabianka\\\/o-autorze\\\/\",\"url\":\"https:\\\/\\\/jarekwasielewski.pl\\\/dawnazabianka\\\/o-autorze\\\/\",\"name\":\"O autorze - Dawna \u017babianka\",\"isPartOf\":{\"@id\":\"https:\\\/\\\/jarekwasielewski.pl\\\/dawnazabianka\\\/#website\"},\"primaryImageOfPage\":{\"@id\":\"https:\\\/\\\/jarekwasielewski.pl\\\/dawnazabianka\\\/o-autorze\\\/#primaryimage\"},\"image\":{\"@id\":\"https:\\\/\\\/jarekwasielewski.pl\\\/dawnazabianka\\\/o-autorze\\\/#primaryimage\"},\"thumbnailUrl\":\"https:\\\/\\\/jarekwasielewski.pl\\\/dawnazabianka\\\/wp-content\\\/uploads\\\/2026\\\/02\\\/jw2025-e1771183758965-215x300.jpg\",\"datePublished\":\"2020-01-19T00:29:10+00:00\",\"dateModified\":\"2026-02-15T19:30:01+00:00\",\"breadcrumb\":{\"@id\":\"https:\\\/\\\/jarekwasielewski.pl\\\/dawnazabianka\\\/o-autorze\\\/#breadcrumb\"},\"inLanguage\":\"pl-PL\",\"potentialAction\":[{\"@type\":\"ReadAction\",\"target\":[\"https:\\\/\\\/jarekwasielewski.pl\\\/dawnazabianka\\\/o-autorze\\\/\"]}]},{\"@type\":\"ImageObject\",\"inLanguage\":\"pl-PL\",\"@id\":\"https:\\\/\\\/jarekwasielewski.pl\\\/dawnazabianka\\\/o-autorze\\\/#primaryimage\",\"url\":\"https:\\\/\\\/jarekwasielewski.pl\\\/dawnazabianka\\\/wp-content\\\/uploads\\\/2026\\\/02\\\/jw2025-e1771183758965.jpg\",\"contentUrl\":\"https:\\\/\\\/jarekwasielewski.pl\\\/dawnazabianka\\\/wp-content\\\/uploads\\\/2026\\\/02\\\/jw2025-e1771183758965.jpg\",\"width\":611,\"height\":853},{\"@type\":\"BreadcrumbList\",\"@id\":\"https:\\\/\\\/jarekwasielewski.pl\\\/dawnazabianka\\\/o-autorze\\\/#breadcrumb\",\"itemListElement\":[{\"@type\":\"ListItem\",\"position\":1,\"name\":\"Strona g\u0142\u00f3wna\",\"item\":\"https:\\\/\\\/jarekwasielewski.pl\\\/dawnazabianka\\\/\"},{\"@type\":\"ListItem\",\"position\":2,\"name\":\"O autorze\"}]},{\"@type\":\"WebSite\",\"@id\":\"https:\\\/\\\/jarekwasielewski.pl\\\/dawnazabianka\\\/#website\",\"url\":\"https:\\\/\\\/jarekwasielewski.pl\\\/dawnazabianka\\\/\",\"name\":\"Dawna \u017babianka\",\"description\":\"Osiedle Wejhera | Osiedle Pomorska | Osiedle \u017babianka | Gosp&oacute;dka\",\"potentialAction\":[{\"@type\":\"SearchAction\",\"target\":{\"@type\":\"EntryPoint\",\"urlTemplate\":\"https:\\\/\\\/jarekwasielewski.pl\\\/dawnazabianka\\\/?s={search_term_string}\"},\"query-input\":{\"@type\":\"PropertyValueSpecification\",\"valueRequired\":true,\"valueName\":\"search_term_string\"}}],\"inLanguage\":\"pl-PL\"}]}<\/script>\n<!-- \/ Yoast SEO plugin. -->","yoast_head_json":{"title":"O autorze - Dawna \u017babianka","robots":{"index":"index","follow":"follow","max-snippet":"max-snippet:-1","max-image-preview":"max-image-preview:large","max-video-preview":"max-video-preview:-1"},"canonical":"https:\/\/jarekwasielewski.pl\/dawnazabianka\/o-autorze\/","og_locale":"pl_PL","og_type":"article","og_title":"O autorze - Dawna \u017babianka","og_description":"Nazywam si\u0119 Jaros\u0142aw Wasielewski i od wielu lat zajmuj\u0119 si\u0119 badaniem i popularyzacj\u0105 przesz\u0142o\u015bci Gda\u0144ska (g\u0142\u00f3wnie Wrzeszcza). Mam na koncie [&hellip;]","og_url":"https:\/\/jarekwasielewski.pl\/dawnazabianka\/o-autorze\/","og_site_name":"Dawna \u017babianka","article_publisher":"https:\/\/www.facebook.com\/dawnazabianka","article_modified_time":"2026-02-15T19:30:01+00:00","og_image":[{"width":611,"height":853,"url":"https:\/\/jarekwasielewski.pl\/dawnazabianka\/wp-content\/uploads\/2026\/02\/jw2025-e1771183758965.jpg","type":"image\/jpeg"}],"twitter_card":"summary_large_image","twitter_misc":{"Szacowany czas czytania":"1 minuta"},"schema":{"@context":"https:\/\/schema.org","@graph":[{"@type":"WebPage","@id":"https:\/\/jarekwasielewski.pl\/dawnazabianka\/o-autorze\/","url":"https:\/\/jarekwasielewski.pl\/dawnazabianka\/o-autorze\/","name":"O autorze - Dawna \u017babianka","isPartOf":{"@id":"https:\/\/jarekwasielewski.pl\/dawnazabianka\/#website"},"primaryImageOfPage":{"@id":"https:\/\/jarekwasielewski.pl\/dawnazabianka\/o-autorze\/#primaryimage"},"image":{"@id":"https:\/\/jarekwasielewski.pl\/dawnazabianka\/o-autorze\/#primaryimage"},"thumbnailUrl":"https:\/\/jarekwasielewski.pl\/dawnazabianka\/wp-content\/uploads\/2026\/02\/jw2025-e1771183758965-215x300.jpg","datePublished":"2020-01-19T00:29:10+00:00","dateModified":"2026-02-15T19:30:01+00:00","breadcrumb":{"@id":"https:\/\/jarekwasielewski.pl\/dawnazabianka\/o-autorze\/#breadcrumb"},"inLanguage":"pl-PL","potentialAction":[{"@type":"ReadAction","target":["https:\/\/jarekwasielewski.pl\/dawnazabianka\/o-autorze\/"]}]},{"@type":"ImageObject","inLanguage":"pl-PL","@id":"https:\/\/jarekwasielewski.pl\/dawnazabianka\/o-autorze\/#primaryimage","url":"https:\/\/jarekwasielewski.pl\/dawnazabianka\/wp-content\/uploads\/2026\/02\/jw2025-e1771183758965.jpg","contentUrl":"https:\/\/jarekwasielewski.pl\/dawnazabianka\/wp-content\/uploads\/2026\/02\/jw2025-e1771183758965.jpg","width":611,"height":853},{"@type":"BreadcrumbList","@id":"https:\/\/jarekwasielewski.pl\/dawnazabianka\/o-autorze\/#breadcrumb","itemListElement":[{"@type":"ListItem","position":1,"name":"Strona g\u0142\u00f3wna","item":"https:\/\/jarekwasielewski.pl\/dawnazabianka\/"},{"@type":"ListItem","position":2,"name":"O autorze"}]},{"@type":"WebSite","@id":"https:\/\/jarekwasielewski.pl\/dawnazabianka\/#website","url":"https:\/\/jarekwasielewski.pl\/dawnazabianka\/","name":"Dawna \u017babianka","description":"Osiedle Wejhera | Osiedle Pomorska | Osiedle \u017babianka | Gosp&oacute;dka","potentialAction":[{"@type":"SearchAction","target":{"@type":"EntryPoint","urlTemplate":"https:\/\/jarekwasielewski.pl\/dawnazabianka\/?s={search_term_string}"},"query-input":{"@type":"PropertyValueSpecification","valueRequired":true,"valueName":"search_term_string"}}],"inLanguage":"pl-PL"}]}},"_links":{"self":[{"href":"https:\/\/jarekwasielewski.pl\/dawnazabianka\/wp-json\/wp\/v2\/pages\/34","targetHints":{"allow":["GET"]}}],"collection":[{"href":"https:\/\/jarekwasielewski.pl\/dawnazabianka\/wp-json\/wp\/v2\/pages"}],"about":[{"href":"https:\/\/jarekwasielewski.pl\/dawnazabianka\/wp-json\/wp\/v2\/types\/page"}],"author":[{"embeddable":true,"href":"https:\/\/jarekwasielewski.pl\/dawnazabianka\/wp-json\/wp\/v2\/users\/1"}],"replies":[{"embeddable":true,"href":"https:\/\/jarekwasielewski.pl\/dawnazabianka\/wp-json\/wp\/v2\/comments?post=34"}],"version-history":[{"count":23,"href":"https:\/\/jarekwasielewski.pl\/dawnazabianka\/wp-json\/wp\/v2\/pages\/34\/revisions"}],"predecessor-version":[{"id":1442,"href":"https:\/\/jarekwasielewski.pl\/dawnazabianka\/wp-json\/wp\/v2\/pages\/34\/revisions\/1442"}],"wp:attachment":[{"href":"https:\/\/jarekwasielewski.pl\/dawnazabianka\/wp-json\/wp\/v2\/media?parent=34"}],"curies":[{"name":"wp","href":"https:\/\/api.w.org\/{rel}","templated":true}]}}